{"id":82,"date":"2020-06-06T12:59:05","date_gmt":"2020-06-06T12:59:05","guid":{"rendered":"https:\/\/serviciodeguardacostas.mil.sv\/?page_id=82"},"modified":"2020-06-07T02:52:59","modified_gmt":"2020-06-07T02:52:59","slug":"to-do-list","status":"publish","type":"page","link":"https:\/\/serviciodeguardacostas.mil.sv\/?page_id=82","title":{"rendered":"To Do List"},"content":{"rendered":"\n<figure class=\"wp-block-table\"><table><tbody><tr><td><strong>AUTOR<\/strong><\/td><td><strong>TO DO<\/strong><\/td><td><strong>OBSERVACI\u00d3N<\/strong><\/td><td><strong>FINALIZADO<\/strong><\/td><\/tr><tr><td>JOSE MEJIA ANGEL<\/td><td>Utilizar iconograf\u00eda de la plantilla<br>original que envi\u00f3 comunicaciones<\/td><td>La plantilla ya tiene la iconografia correspondiente<\/td><td>X<\/td><\/tr><tr><td>JOSE MEJIA ANGEL<\/td><td>Alinear textos del pie de p\u00e1gina<\/td><td>se agrego la propiedad \u00abstyle\u00bb a algunos elementos de footer.<br>Preguntar si esto es correcto o si se debe hacer en el style.css del footer u otros que usa la plantilla.<br>Decid\u00ed hacerlo as\u00ed para evitar conflicto con el dise\u00f1o de otras partes del sitio.<\/td><td>X<\/td><\/tr><tr><td>N\u00c9STOR RAMOS<\/td><td>Instalaci\u00f3n de WordPress en servidor<\/td><td>Se instal\u00f3 WordPress 5.4.1 en la ubicaci\u00f3n https:\/\/serviciodeguardacostas.mil.sv<\/td><td>X<\/td><\/tr><tr><td>N\u00c9STOR RAMOS<\/td><td>Instalaci\u00f3n de plantilla de Gob<\/td><td>Se instal\u00f3 plantilla del Gobierno, as\u00ed como los plugins requeridos. Tambi\u00e9n se agreg\u00f3 el plugin Ajax Search Lite<\/td><td>X<\/td><\/tr><tr><td>N\u00c9STOR RAMOS<\/td><td>Publicaci\u00f3n de contenido de demostraci\u00f3n<\/td><td>Se tomaron las im\u00e1genes del PDF de observaciones de INJUVE y se publicaron 6 entradas de noticias y 6 entradas de avisos.<\/td><td>X<\/td><\/tr><tr><td>N\u00c9STOR RAMOS<\/td><td>Publicaci\u00f3n de galer\u00eda (header)<\/td><td>Se descargaron del sitio web de INJUVE tres im\u00e1genes para crear el encabezado animado.<\/td><td>X<\/td><\/tr><tr><td>N\u00c9STOR RAMOS<\/td><td>Logo de INJUVE<\/td><td>Se recre\u00f3 logo de INJUVE en formato PNG y se public\u00f3 en sitio web.<\/td><td>X<\/td><\/tr><tr><td>N\u00c9STOR RAMOS<\/td><td>Plugin Ajax Search Lite<\/td><td>Se modific\u00f3 la hoja de estilo para ajustarse a los colores del sitio web.<\/td><td>X<\/td><\/tr><tr><td>N\u00c9STOR RAMOS<\/td><td>Plugin GTranslate<\/td><td>Se configur\u00f3 plugin para traducci\u00f3n del espa\u00f1ol a ingl\u00e9s, y que en vez de banderas, mostrar\u00e1 el c\u00f3digo de idioma.<\/td><td>X<\/td><\/tr><tr><td>N\u00c9STOR RAMOS<\/td><td>Men\u00fa principal<\/td><td>Se cre\u00f3 el men\u00fa principal de demostraci\u00f3n del sitio web.<\/td><td>X<\/td><\/tr><tr><td>N\u00c9STOR RAMOS<\/td><td>Correcci\u00f3n bloque de noticias<\/td><td>Se corrigi\u00f3 el bloque de noticias. Mostraba la opci\u00f3n&nbsp;<strong>M\u00e1s Avisos<\/strong>, siendo lo correcto&nbsp;<strong>M\u00e1s Noticias<\/strong>.<\/td><td>X<\/td><\/tr><tr><td>JOSE MEJIA ANGEL<\/td><td>Eliminar margen superior al bot\u00f3n cerrar que aparece en las categor\u00edas<\/td><td><\/td><td>X<\/td><\/tr><tr><td>JOSE MEJIA ANGEL<\/td><td>Agregar enlaces de redes sociales<\/td><td><\/td><td>X<\/td><\/tr><tr><td>JOSE MEJIA ANGEL<\/td><td>Corregir enlace a la p\u00e1gina de &#8220;Preguntas Frecuentes&#8221;<\/td><td>El enlace apuntaba a la pagina de &#8220;Pol\u00edtica Web&#8221;<\/td><td>X<\/td><\/tr><tr><td>JOSE MEJIA ANGEL<\/td><td>Crear p\u00e1gina &#8220;Mapa del sitio&#8221;<\/td><td><\/td><td>X<\/td><\/tr><tr><td>JOSE MEJIA ANGEL<\/td><td>Crear p\u00e1gina &#8220;Preguntas Frecuentes&#8221;<\/td><td><\/td><td>x<\/td><\/tr><tr><td>JOSE MEJIA ANGEL<\/td><td>Crear p\u00e1gina &#8220;Pol\u00edtica Web&#8221;<\/td><td><\/td><td>x<\/td><\/tr><tr><td>JOSE MEJIA ANGEL<\/td><td>Agregar enlaces para completar la informaci\u00f3n del Sitio.<\/td><td><\/td><td>X<\/td><\/tr><tr><td>N\u00c9STOR RAMOS<\/td><td>Migraci\u00f3n de contenido de sitio web INJUVE<\/td><td>Se exportaron todos los art\u00edculos, fotograf\u00edas y PDF&#8217;s publicados en el sitio web de INJUVE a la nueva plantilla.<\/td><td>X<\/td><\/tr><tr><td>N\u00c9STOR RAMOS<\/td><td>Fotograf\u00edas de portada<\/td><td>Se editaron fotograf\u00edas de Presidencia para coloc\u00e1rlas en la portada del sitio web<\/td><td>X<\/td><\/tr><tr><td>N\u00c9STOR RAMOS<\/td><td>Enlace a Portal de Transparencia<\/td><td>Se coloc\u00f3 el enlace en portada, a la p\u00e1gina de INJUVE en el Portal de Transparencia.<\/td><td>X<\/td><\/tr><tr><td>N\u00c9STOR RAMOS<\/td><td>Formulario de contacto<\/td><td>Se public\u00f3 formlario de contacto del sitio web.<\/td><td>X<\/td><\/tr><tr><td>N\u00c9STOR RAMOS<\/td><td>\u00cdcono de submen\u00fa sin margen<\/td><td>Se le dio margen al \u00edcono de submen\u00fa en el men\u00fa principal<\/td><td>X<\/td><\/tr><tr><td>N\u00c9STOR RAMOS<\/td><td>Im\u00e1genes de Portada<\/td><td>Edici\u00f3n de im\u00e1genes de INJUVE obtenidas de su fanpge para el encabezado del sitio web.<\/td><td>X<\/td><\/tr><tr><td>N\u00c9STOR RAMOS<\/td><td>Im\u00e1genes de Avisos y Noticias<\/td><td>Se descargaron im\u00e1genes publicadas en fanpage de INJUVE y se editaron para colocarlas en las portadas de la p\u00e1gina  principal.<\/td><td>X<\/td><\/tr><tr><td>N\u00c9STOR RAMOS<\/td><td>R\u00f3tulo en ingl\u00e9s en buscador<\/td><td>Se modific\u00f3 el t\u00edtulo en ingl\u00e9s del buscador. Se cambi\u00f3 por &#8220;Buscar&#8230;&#8221;.<\/td><td>X<\/td><\/tr><tr><td>N\u00c9STOR RAMOS<\/td><td>Fondo de resultados de b\u00fasquedas<\/td><td>Se modific\u00f3 el fondo de los resultados de b\u00fasqueda para que contraste correctamente con el texto.<\/td><td>X<\/td><\/tr><tr><td>N\u00c9STOR RAMOS<\/td><td>Men\u00fa principal del INJUVE<\/td><td>Se modific\u00f3 el men\u00fa de demostraci\u00f3n y se cambi\u00f3 por las opciones del men\u00fa del sitio web del INJUVE.<\/td><td>X<\/td><\/tr><tr><td>N\u00c9STOR RAMOS<\/td><td>Conversi\u00f3n de im\u00e1genes<\/td><td>Se cambiaron im\u00e1genes de texto de los contenidos del sitio web de INJUVE por texto puro.<\/td><td>X<\/td><\/tr><tr><td>JOSE MEJIA ANGEL<\/td><td>Agregar efecto a los enlaces que aparecen en el pie de p\u00e1gina<\/td><td><\/td><td>X<\/td><\/tr><\/tbody><\/table><\/figure>\n","protected":false},"excerpt":{"rendered":"<div class=\"parrafos-blancos-letranegra\"><p>AUTOR TO DO OBSERVACI\u00d3N FINALIZADO JOSE MEJIA ANGEL Utilizar iconograf\u00eda de la plantillaoriginal que envi\u00f3 comunicaciones La plantilla ya tiene la iconografia correspondiente X JOSE MEJIA ANGEL Alinear textos del [&hellip;]<\/p>\n<\/div>","protected":false},"author":2,"featured_media":0,"parent":0,"menu_order":0,"comment_status":"closed","ping_status":"closed","template":"","meta":{"footnotes":""},"class_list":["post-82","page","type-page","status-publish","hentry"],"yoast_head":"<!-- This site is optimized with the Yoast SEO plugin v23.6 - https:\/\/yoast.com\/wordpress\/plugins\/seo\/ -->\n<title>To Do List - Servicio de Guardacostas de la Marina Nacional de El Salvador<\/title>\n<meta name=\"robots\" content=\"index, follow, max-snippet:-1, max-image-preview:large, max-video-preview:-1\" \/>\n<link rel=\"canonical\" href=\"https:\/\/serviciodeguardacostas.mil.sv\/?page_id=82\" \/>\n<meta property=\"og:locale\" content=\"es_ES\" \/>\n<meta property=\"og:type\" content=\"article\" \/>\n<meta property=\"og:title\" content=\"To Do List - Servicio de Guardacostas de la Marina Nacional de El Salvador\" \/>\n<meta property=\"og:description\" content=\"AUTOR TO DO OBSERVACI\u00d3N FINALIZADO JOSE MEJIA ANGEL Utilizar iconograf\u00eda de la plantillaoriginal que envi\u00f3 comunicaciones La plantilla ya tiene la iconografia correspondiente X JOSE MEJIA ANGEL Alinear textos del [&hellip;]\" \/>\n<meta property=\"og:url\" content=\"https:\/\/serviciodeguardacostas.mil.sv\/?page_id=82\" \/>\n<meta property=\"og:site_name\" content=\"Servicio de Guardacostas de la Marina Nacional de El Salvador\" \/>\n<meta property=\"article:modified_time\" content=\"2020-06-07T02:52:59+00:00\" \/>\n<meta name=\"twitter:card\" content=\"summary_large_image\" \/>\n<meta name=\"twitter:label1\" content=\"Tiempo de lectura\" \/>\n\t<meta name=\"twitter:data1\" content=\"3 minutos\" \/>\n<script type=\"application\/ld+json\" class=\"yoast-schema-graph\">{\"@context\":\"https:\/\/schema.org\",\"@graph\":[{\"@type\":\"WebPage\",\"@id\":\"https:\/\/serviciodeguardacostas.mil.sv\/?page_id=82\",\"url\":\"https:\/\/serviciodeguardacostas.mil.sv\/?page_id=82\",\"name\":\"To Do List - Servicio de Guardacostas de la Marina Nacional de El Salvador\",\"isPartOf\":{\"@id\":\"https:\/\/serviciodeguardacostas.mil.sv\/#website\"},\"datePublished\":\"2020-06-06T12:59:05+00:00\",\"dateModified\":\"2020-06-07T02:52:59+00:00\",\"breadcrumb\":{\"@id\":\"https:\/\/serviciodeguardacostas.mil.sv\/?page_id=82#breadcrumb\"},\"inLanguage\":\"es\",\"potentialAction\":[{\"@type\":\"ReadAction\",\"target\":[\"https:\/\/serviciodeguardacostas.mil.sv\/?page_id=82\"]}]},{\"@type\":\"BreadcrumbList\",\"@id\":\"https:\/\/serviciodeguardacostas.mil.sv\/?page_id=82#breadcrumb\",\"itemListElement\":[{\"@type\":\"ListItem\",\"position\":1,\"name\":\"Inicio\",\"item\":\"https:\/\/serviciodeguardacostas.mil.sv\/\"},{\"@type\":\"ListItem\",\"position\":2,\"name\":\"To Do List\"}]},{\"@type\":\"WebSite\",\"@id\":\"https:\/\/serviciodeguardacostas.mil.sv\/#website\",\"url\":\"https:\/\/serviciodeguardacostas.mil.sv\/\",\"name\":\"Servicio de Guardacostas de la Marina Nacional de El Salvador\",\"description\":\"Guardacostas\",\"potentialAction\":[{\"@type\":\"SearchAction\",\"target\":{\"@type\":\"EntryPoint\",\"urlTemplate\":\"https:\/\/serviciodeguardacostas.mil.sv\/?s={search_term_string}\"},\"query-input\":{\"@type\":\"PropertyValueSpecification\",\"valueRequired\":true,\"valueName\":\"search_term_string\"}}],\"inLanguage\":\"es\"}]}<\/script>\n<!-- \/ Yoast SEO plugin. -->","yoast_head_json":{"title":"To Do List - Servicio de Guardacostas de la Marina Nacional de El Salvador","robots":{"index":"index","follow":"follow","max-snippet":"max-snippet:-1","max-image-preview":"max-image-preview:large","max-video-preview":"max-video-preview:-1"},"canonical":"https:\/\/serviciodeguardacostas.mil.sv\/?page_id=82","og_locale":"es_ES","og_type":"article","og_title":"To Do List - Servicio de Guardacostas de la Marina Nacional de El Salvador","og_description":"AUTOR TO DO OBSERVACI\u00d3N FINALIZADO JOSE MEJIA ANGEL Utilizar iconograf\u00eda de la plantillaoriginal que envi\u00f3 comunicaciones La plantilla ya tiene la iconografia correspondiente X JOSE MEJIA ANGEL Alinear textos del [&hellip;]","og_url":"https:\/\/serviciodeguardacostas.mil.sv\/?page_id=82","og_site_name":"Servicio de Guardacostas de la Marina Nacional de El Salvador","article_modified_time":"2020-06-07T02:52:59+00:00","twitter_card":"summary_large_image","twitter_misc":{"Tiempo de lectura":"3 minutos"},"schema":{"@context":"https:\/\/schema.org","@graph":[{"@type":"WebPage","@id":"https:\/\/serviciodeguardacostas.mil.sv\/?page_id=82","url":"https:\/\/serviciodeguardacostas.mil.sv\/?page_id=82","name":"To Do List - Servicio de Guardacostas de la Marina Nacional de El Salvador","isPartOf":{"@id":"https:\/\/serviciodeguardacostas.mil.sv\/#website"},"datePublished":"2020-06-06T12:59:05+00:00","dateModified":"2020-06-07T02:52:59+00:00","breadcrumb":{"@id":"https:\/\/serviciodeguardacostas.mil.sv\/?page_id=82#breadcrumb"},"inLanguage":"es","potentialAction":[{"@type":"ReadAction","target":["https:\/\/serviciodeguardacostas.mil.sv\/?page_id=82"]}]},{"@type":"BreadcrumbList","@id":"https:\/\/serviciodeguardacostas.mil.sv\/?page_id=82#breadcrumb","itemListElement":[{"@type":"ListItem","position":1,"name":"Inicio","item":"https:\/\/serviciodeguardacostas.mil.sv\/"},{"@type":"ListItem","position":2,"name":"To Do List"}]},{"@type":"WebSite","@id":"https:\/\/serviciodeguardacostas.mil.sv\/#website","url":"https:\/\/serviciodeguardacostas.mil.sv\/","name":"Servicio de Guardacostas de la Marina Nacional de El Salvador","description":"Guardacostas","potentialAction":[{"@type":"SearchAction","target":{"@type":"EntryPoint","urlTemplate":"https:\/\/serviciodeguardacostas.mil.sv\/?s={search_term_string}"},"query-input":{"@type":"PropertyValueSpecification","valueRequired":true,"valueName":"search_term_string"}}],"inLanguage":"es"}]}},"_links":{"self":[{"href":"https:\/\/serviciodeguardacostas.mil.sv\/index.php?rest_route=\/wp\/v2\/pages\/82"}],"collection":[{"href":"https:\/\/serviciodeguardacostas.mil.sv\/index.php?rest_route=\/wp\/v2\/pages"}],"about":[{"href":"https:\/\/serviciodeguardacostas.mil.sv\/index.php?rest_route=\/wp\/v2\/types\/page"}],"author":[{"embeddable":true,"href":"https:\/\/serviciodeguardacostas.mil.sv\/index.php?rest_route=\/wp\/v2\/users\/2"}],"replies":[{"embeddable":true,"href":"https:\/\/serviciodeguardacostas.mil.sv\/index.php?rest_route=%2Fwp%2Fv2%2Fcomments&post=82"}],"version-history":[{"count":17,"href":"https:\/\/serviciodeguardacostas.mil.sv\/index.php?rest_route=\/wp\/v2\/pages\/82\/revisions"}],"predecessor-version":[{"id":273,"href":"https:\/\/serviciodeguardacostas.mil.sv\/index.php?rest_route=\/wp\/v2\/pages\/82\/revisions\/273"}],"wp:attachment":[{"href":"https:\/\/serviciodeguardacostas.mil.sv\/index.php?rest_route=%2Fwp%2Fv2%2Fmedia&parent=82"}],"curies":[{"name":"wp","href":"https:\/\/api.w.org\/{rel}","templated":true}]}}