{"id":198,"date":"2020-06-06T18:38:28","date_gmt":"2020-06-06T18:38:28","guid":{"rendered":"https:\/\/serviciodeguardacostas.mil.sv\/?page_id=198"},"modified":"2024-07-30T21:33:22","modified_gmt":"2024-07-31T03:33:22","slug":"preguntas-frecuentes","status":"publish","type":"page","link":"https:\/\/serviciodeguardacostas.mil.sv\/?page_id=198","title":{"rendered":"Preguntas Frecuentes"},"content":{"rendered":"\n<div class=\"wp-block-columns is-layout-flex wp-container-core-columns-is-layout-1 wp-block-columns-is-layout-flex\">\n<div class=\"wp-block-column is-layout-flow wp-block-column-is-layout-flow\" style=\"flex-basis:100%\">\n<ol class=\"wp-block-list\">\n<li><strong>\u00bfCu\u00e1l es el costo para inscribir una lancha de pesca artesanal?<\/strong><\/li>\n<\/ol>\n\n\n\n<p>R\/ No tiene costo.<\/p>\n\n\n\n<p><strong>    2. \u00bfAd\u00f3nde puedo presentar mi tr\u00e1mite?<\/strong><\/p>\n\n\n\n<ol class=\"wp-block-list\">\n<li><\/li>\n<\/ol>\n\n\n\n<p>R\/ Estamos desplegados a lo largo de todo el litoral salvadore\u00f1o. Puedes venir a Sede Central del Servicio de Guardacostas (en San Salvador), o las diferentes Capitan\u00edas de Puerto (en Acajutla, La Libertad, El Triunfo, La Concordia, La Uni\u00f3n), o los diferentes Destacamentos Navales (en Lago de G\u00fcija, Ilopango y Coatepeque)<\/p>\n<\/div>\n<\/div>\n","protected":false},"excerpt":{"rendered":"<div class=\"parrafos-blancos-letranegra\"><p>R\/ No tiene costo. 2. \u00bfAd\u00f3nde puedo presentar mi tr\u00e1mite? R\/ Estamos desplegados a lo largo de todo el litoral salvadore\u00f1o. Puedes venir a Sede Central del Servicio de Guardacostas [&hellip;]<\/p>\n<\/div>","protected":false},"author":2,"featured_media":1738,"parent":0,"menu_order":0,"comment_status":"closed","ping_status":"closed","template":"","meta":{"footnotes":""},"class_list":["post-198","page","type-page","status-publish","has-post-thumbnail","hentry"],"yoast_head":"<!-- This site is optimized with the Yoast SEO plugin v23.6 - https:\/\/yoast.com\/wordpress\/plugins\/seo\/ -->\n<title>Preguntas Frecuentes - Servicio de Guardacostas de la Marina Nacional de El Salvador<\/title>\n<meta name=\"robots\" content=\"index, follow, max-snippet:-1, max-image-preview:large, max-video-preview:-1\" \/>\n<link rel=\"canonical\" href=\"https:\/\/serviciodeguardacostas.mil.sv\/?page_id=198\" \/>\n<meta property=\"og:locale\" content=\"es_ES\" \/>\n<meta property=\"og:type\" content=\"article\" \/>\n<meta property=\"og:title\" content=\"Preguntas Frecuentes - Servicio de Guardacostas de la Marina Nacional de El Salvador\" \/>\n<meta property=\"og:description\" content=\"R\/ No tiene costo. 2. \u00bfAd\u00f3nde puedo presentar mi tr\u00e1mite? R\/ Estamos desplegados a lo largo de todo el litoral salvadore\u00f1o. Puedes venir a Sede Central del Servicio de Guardacostas [&hellip;]\" \/>\n<meta property=\"og:url\" content=\"https:\/\/serviciodeguardacostas.mil.sv\/?page_id=198\" \/>\n<meta property=\"og:site_name\" content=\"Servicio de Guardacostas de la Marina Nacional de El Salvador\" \/>\n<meta property=\"article:modified_time\" content=\"2024-07-31T03:33:22+00:00\" \/>\n<meta property=\"og:image\" content=\"https:\/\/serviciodeguardacostas.mil.sv\/wp-content\/uploads\/2021\/09\/1666360273539.jpg\" \/>\n\t<meta property=\"og:image:width\" content=\"1280\" \/>\n\t<meta property=\"og:image:height\" content=\"576\" \/>\n\t<meta property=\"og:image:type\" content=\"image\/jpeg\" \/>\n<meta name=\"twitter:card\" content=\"summary_large_image\" \/>\n<script type=\"application\/ld+json\" class=\"yoast-schema-graph\">{\"@context\":\"https:\/\/schema.org\",\"@graph\":[{\"@type\":\"WebPage\",\"@id\":\"https:\/\/serviciodeguardacostas.mil.sv\/?page_id=198\",\"url\":\"https:\/\/serviciodeguardacostas.mil.sv\/?page_id=198\",\"name\":\"Preguntas Frecuentes - Servicio de Guardacostas de la Marina Nacional de El Salvador\",\"isPartOf\":{\"@id\":\"https:\/\/serviciodeguardacostas.mil.sv\/#website\"},\"primaryImageOfPage\":{\"@id\":\"https:\/\/serviciodeguardacostas.mil.sv\/?page_id=198#primaryimage\"},\"image\":{\"@id\":\"https:\/\/serviciodeguardacostas.mil.sv\/?page_id=198#primaryimage\"},\"thumbnailUrl\":\"https:\/\/serviciodeguardacostas.mil.sv\/wp-content\/uploads\/2021\/09\/1666360273539.jpg\",\"datePublished\":\"2020-06-06T18:38:28+00:00\",\"dateModified\":\"2024-07-31T03:33:22+00:00\",\"breadcrumb\":{\"@id\":\"https:\/\/serviciodeguardacostas.mil.sv\/?page_id=198#breadcrumb\"},\"inLanguage\":\"es\",\"potentialAction\":[{\"@type\":\"ReadAction\",\"target\":[\"https:\/\/serviciodeguardacostas.mil.sv\/?page_id=198\"]}]},{\"@type\":\"ImageObject\",\"inLanguage\":\"es\",\"@id\":\"https:\/\/serviciodeguardacostas.mil.sv\/?page_id=198#primaryimage\",\"url\":\"https:\/\/serviciodeguardacostas.mil.sv\/wp-content\/uploads\/2021\/09\/1666360273539.jpg\",\"contentUrl\":\"https:\/\/serviciodeguardacostas.mil.sv\/wp-content\/uploads\/2021\/09\/1666360273539.jpg\",\"width\":1280,\"height\":576},{\"@type\":\"BreadcrumbList\",\"@id\":\"https:\/\/serviciodeguardacostas.mil.sv\/?page_id=198#breadcrumb\",\"itemListElement\":[{\"@type\":\"ListItem\",\"position\":1,\"name\":\"Inicio\",\"item\":\"https:\/\/serviciodeguardacostas.mil.sv\/\"},{\"@type\":\"ListItem\",\"position\":2,\"name\":\"Preguntas Frecuentes\"}]},{\"@type\":\"WebSite\",\"@id\":\"https:\/\/serviciodeguardacostas.mil.sv\/#website\",\"url\":\"https:\/\/serviciodeguardacostas.mil.sv\/\",\"name\":\"Servicio de Guardacostas de la Marina Nacional de El Salvador\",\"description\":\"Guardacostas\",\"potentialAction\":[{\"@type\":\"SearchAction\",\"target\":{\"@type\":\"EntryPoint\",\"urlTemplate\":\"https:\/\/serviciodeguardacostas.mil.sv\/?s={search_term_string}\"},\"query-input\":{\"@type\":\"PropertyValueSpecification\",\"valueRequired\":true,\"valueName\":\"search_term_string\"}}],\"inLanguage\":\"es\"}]}<\/script>\n<!-- \/ Yoast SEO plugin. -->","yoast_head_json":{"title":"Preguntas Frecuentes - Servicio de Guardacostas de la Marina Nacional de El Salvador","robots":{"index":"index","follow":"follow","max-snippet":"max-snippet:-1","max-image-preview":"max-image-preview:large","max-video-preview":"max-video-preview:-1"},"canonical":"https:\/\/serviciodeguardacostas.mil.sv\/?page_id=198","og_locale":"es_ES","og_type":"article","og_title":"Preguntas Frecuentes - Servicio de Guardacostas de la Marina Nacional de El Salvador","og_description":"R\/ No tiene costo. 2. \u00bfAd\u00f3nde puedo presentar mi tr\u00e1mite? R\/ Estamos desplegados a lo largo de todo el litoral salvadore\u00f1o. Puedes venir a Sede Central del Servicio de Guardacostas [&hellip;]","og_url":"https:\/\/serviciodeguardacostas.mil.sv\/?page_id=198","og_site_name":"Servicio de Guardacostas de la Marina Nacional de El Salvador","article_modified_time":"2024-07-31T03:33:22+00:00","og_image":[{"width":1280,"height":576,"url":"https:\/\/serviciodeguardacostas.mil.sv\/wp-content\/uploads\/2021\/09\/1666360273539.jpg","type":"image\/jpeg"}],"twitter_card":"summary_large_image","schema":{"@context":"https:\/\/schema.org","@graph":[{"@type":"WebPage","@id":"https:\/\/serviciodeguardacostas.mil.sv\/?page_id=198","url":"https:\/\/serviciodeguardacostas.mil.sv\/?page_id=198","name":"Preguntas Frecuentes - Servicio de Guardacostas de la Marina Nacional de El Salvador","isPartOf":{"@id":"https:\/\/serviciodeguardacostas.mil.sv\/#website"},"primaryImageOfPage":{"@id":"https:\/\/serviciodeguardacostas.mil.sv\/?page_id=198#primaryimage"},"image":{"@id":"https:\/\/serviciodeguardacostas.mil.sv\/?page_id=198#primaryimage"},"thumbnailUrl":"https:\/\/serviciodeguardacostas.mil.sv\/wp-content\/uploads\/2021\/09\/1666360273539.jpg","datePublished":"2020-06-06T18:38:28+00:00","dateModified":"2024-07-31T03:33:22+00:00","breadcrumb":{"@id":"https:\/\/serviciodeguardacostas.mil.sv\/?page_id=198#breadcrumb"},"inLanguage":"es","potentialAction":[{"@type":"ReadAction","target":["https:\/\/serviciodeguardacostas.mil.sv\/?page_id=198"]}]},{"@type":"ImageObject","inLanguage":"es","@id":"https:\/\/serviciodeguardacostas.mil.sv\/?page_id=198#primaryimage","url":"https:\/\/serviciodeguardacostas.mil.sv\/wp-content\/uploads\/2021\/09\/1666360273539.jpg","contentUrl":"https:\/\/serviciodeguardacostas.mil.sv\/wp-content\/uploads\/2021\/09\/1666360273539.jpg","width":1280,"height":576},{"@type":"BreadcrumbList","@id":"https:\/\/serviciodeguardacostas.mil.sv\/?page_id=198#breadcrumb","itemListElement":[{"@type":"ListItem","position":1,"name":"Inicio","item":"https:\/\/serviciodeguardacostas.mil.sv\/"},{"@type":"ListItem","position":2,"name":"Preguntas Frecuentes"}]},{"@type":"WebSite","@id":"https:\/\/serviciodeguardacostas.mil.sv\/#website","url":"https:\/\/serviciodeguardacostas.mil.sv\/","name":"Servicio de Guardacostas de la Marina Nacional de El Salvador","description":"Guardacostas","potentialAction":[{"@type":"SearchAction","target":{"@type":"EntryPoint","urlTemplate":"https:\/\/serviciodeguardacostas.mil.sv\/?s={search_term_string}"},"query-input":{"@type":"PropertyValueSpecification","valueRequired":true,"valueName":"search_term_string"}}],"inLanguage":"es"}]}},"_links":{"self":[{"href":"https:\/\/serviciodeguardacostas.mil.sv\/index.php?rest_route=\/wp\/v2\/pages\/198"}],"collection":[{"href":"https:\/\/serviciodeguardacostas.mil.sv\/index.php?rest_route=\/wp\/v2\/pages"}],"about":[{"href":"https:\/\/serviciodeguardacostas.mil.sv\/index.php?rest_route=\/wp\/v2\/types\/page"}],"author":[{"embeddable":true,"href":"https:\/\/serviciodeguardacostas.mil.sv\/index.php?rest_route=\/wp\/v2\/users\/2"}],"replies":[{"embeddable":true,"href":"https:\/\/serviciodeguardacostas.mil.sv\/index.php?rest_route=%2Fwp%2Fv2%2Fcomments&post=198"}],"version-history":[{"count":5,"href":"https:\/\/serviciodeguardacostas.mil.sv\/index.php?rest_route=\/wp\/v2\/pages\/198\/revisions"}],"predecessor-version":[{"id":2385,"href":"https:\/\/serviciodeguardacostas.mil.sv\/index.php?rest_route=\/wp\/v2\/pages\/198\/revisions\/2385"}],"wp:featuredmedia":[{"embeddable":true,"href":"https:\/\/serviciodeguardacostas.mil.sv\/index.php?rest_route=\/wp\/v2\/media\/1738"}],"wp:attachment":[{"href":"https:\/\/serviciodeguardacostas.mil.sv\/index.php?rest_route=%2Fwp%2Fv2%2Fmedia&parent=198"}],"curies":[{"name":"wp","href":"https:\/\/api.w.org\/{rel}","templated":true}]}}