{"id":1777,"date":"2023-08-31T10:49:30","date_gmt":"2023-08-31T16:49:30","guid":{"rendered":"https:\/\/serviciodeguardacostas.mil.sv\/?page_id=1777"},"modified":"2025-08-05T15:12:00","modified_gmt":"2025-08-05T21:12:00","slug":"marinos-mercantes","status":"publish","type":"page","link":"https:\/\/serviciodeguardacostas.mil.sv\/?page_id=1777","title":{"rendered":"MARINOS MERCANTES"},"content":{"rendered":"\n<div class=\"wp-block-media-text is-stacked-on-mobile is-vertically-aligned-center is-image-fill\"><figure class=\"wp-block-media-text__media\" style=\"background-image:url(https:\/\/serviciodeguardacostas.mil.sv\/wp-content\/uploads\/2021\/09\/1666360273392-1-1024x1024.jpg);background-position:50% 50%\"><img loading=\"lazy\" decoding=\"async\" width=\"1024\" height=\"1024\" src=\"https:\/\/serviciodeguardacostas.mil.sv\/wp-content\/uploads\/2021\/09\/1666360273392-1-1024x1024.jpg\" alt=\"\" class=\"wp-image-1740 size-full\" srcset=\"https:\/\/serviciodeguardacostas.mil.sv\/wp-content\/uploads\/2021\/09\/1666360273392-1-1024x1024.jpg 1024w, https:\/\/serviciodeguardacostas.mil.sv\/wp-content\/uploads\/2021\/09\/1666360273392-1-300x300.jpg 300w, https:\/\/serviciodeguardacostas.mil.sv\/wp-content\/uploads\/2021\/09\/1666360273392-1-150x150.jpg 150w, https:\/\/serviciodeguardacostas.mil.sv\/wp-content\/uploads\/2021\/09\/1666360273392-1-768x768.jpg 768w, https:\/\/serviciodeguardacostas.mil.sv\/wp-content\/uploads\/2021\/09\/1666360273392-1.jpg 1067w\" sizes=\"(max-width: 1024px) 100vw, 1024px\" \/><\/figure><div class=\"wp-block-media-text__content\">\n<p class=\"has-large-font-size\"><strong>Marinos Mercantes (Gente de Mar nacional)<\/strong><\/p>\n<\/div><\/div>\n\n\n\n<div style=\"height:34px\" aria-hidden=\"true\" class=\"wp-block-spacer\"><\/div>\n\n\n\n<div class=\"wp-block-columns is-layout-flex wp-container-core-columns-is-layout-3 wp-block-columns-is-layout-flex\">\n<div class=\"wp-block-column is-layout-flow wp-block-column-is-layout-flow\" style=\"flex-basis:100%\">\n<div class=\"wp-block-group\"><div class=\"wp-block-group__inner-container is-layout-constrained wp-block-group-is-layout-constrained\">\n<div class=\"wp-block-columns is-layout-flex wp-container-core-columns-is-layout-2 wp-block-columns-is-layout-flex\">\n<div class=\"wp-block-column is-layout-flow wp-block-column-is-layout-flow\" style=\"flex-basis:100%\">\n<p>La&nbsp;<strong>Autoridad Mar\u00edtima,&nbsp;<\/strong>en en el cumplimiento de sus competencias institucionales es la encargada de aplicar el Convenio STCW\u201978 enmendado, el cual establece los requisitos m\u00ednimos aplicables a la certificaci\u00f3n y titulaci\u00f3n de gente de mar que preste sus servicios a bordo de buques mercantes, as\u00ed como los conocimientos b\u00e1sicos que procede exigir para tal efecto. En el marco de la aplicaci\u00f3n del Convenio STCW\u201978, se otorg\u00f3 una autorizaci\u00f3n al Centro de Formaci\u00f3n de Marinos Mercantes ubicado en las instalaciones de la Marina Nacional en el Departamento de La Uni\u00f3n, para que \u00e9ste pueda iniciar con la formaci\u00f3n de marinos para el Nivel de Apoyo.<\/p>\n\n\n\n<div class=\"wp-block-group is-vertical is-content-justification-left is-layout-flex wp-container-core-group-is-layout-4 wp-block-group-is-layout-flex\">\n<div style=\"height:50px\" aria-hidden=\"true\" class=\"wp-block-spacer wp-container-content-1\"><\/div>\n\n\n\n<h1 class=\"wp-block-heading has-x-large-font-size\" style=\"font-style:normal;font-weight:800;text-transform:uppercase\"><strong>Informaci\u00f3n para tr\u00e1mites varios<\/strong><\/h1>\n\n\n\n<div class=\"wp-block-group is-content-justification-center is-nowrap is-layout-flex wp-container-core-group-is-layout-1 wp-block-group-is-layout-flex\">\n<hr class=\"wp-block-separator has-alpha-channel-opacity is-style-dots\"\/>\n\n\n\n<hr class=\"wp-block-separator has-alpha-channel-opacity is-style-dots\"\/>\n\n\n\n<hr class=\"wp-block-separator has-alpha-channel-opacity is-style-dots\"\/>\n<\/div>\n\n\n\n<div style=\"height:50px\" aria-hidden=\"true\" class=\"wp-block-spacer wp-container-content-5\"><\/div>\n\n\n\n<h2 class=\"wp-block-heading has-x-large-font-size\"><strong>Marinos Mercantes Nivel de Apoyo<\/strong><\/h2>\n\n\n\n<div style=\"height:50px\" aria-hidden=\"true\" class=\"wp-block-spacer wp-container-content-6\"><\/div>\n\n\n\n<div class=\"wp-block-group is-vertical is-content-justification-left is-layout-flex wp-container-core-group-is-layout-3 wp-block-group-is-layout-flex\">\n<div class=\"wp-block-columns is-layout-flex wp-container-core-columns-is-layout-1 wp-block-columns-is-layout-flex\">\n<div class=\"wp-block-column is-layout-flow wp-block-column-is-layout-flow\" style=\"flex-basis:100%\">\n<div class=\"wp-block-group\"><div class=\"wp-block-group__inner-container is-layout-constrained wp-block-group-is-layout-constrained\">\n<details class=\"wp-block-details has-large-font-size is-layout-flow wp-block-details-is-layout-flow\"><summary>Introducci\u00f3n<\/summary>\n<ul class=\"wp-block-list\">\n<li class=\"has-medium-font-size\">La gente de mar debe tener titulaci\u00f3n profesional, en la que se anotar\u00e1n todos aquellos cursos complementarios exigidos por las normas nacionales e internacionales que les sean de aplicaci\u00f3n. Las titulaciones pueden capacitar para navegaci\u00f3n internacional, nacional y deportiva, as\u00ed como para ejercer todas aquellas profesiones u oficios portuarios establecidos por las normas correspondientes.<\/li>\n<\/ul>\n<\/details>\n\n\n\n<details class=\"wp-block-details has-large-font-size is-layout-flow wp-block-details-is-layout-flow\"><summary>Realizar tr\u00e1mites<\/summary>\n<ul class=\"wp-block-list\">\n<li class=\"has-medium-font-size\">Servicio de Guardacostas<\/li>\n\n\n\n<li class=\"has-medium-font-size\">Capitan\u00edas de Puerto<\/li>\n\n\n\n<li class=\"has-medium-font-size\">Destacamentos Navales<\/li>\n<\/ul>\n<\/details>\n\n\n\n<details class=\"wp-block-details has-large-font-size is-layout-flow wp-block-details-is-layout-flow\"><summary>Costo<\/summary>\n<ul class=\"wp-block-list\">\n<li class=\"has-medium-font-size\">$125.00<\/li>\n<\/ul>\n<\/details>\n\n\n\n<details class=\"wp-block-details has-large-font-size is-layout-flow wp-block-details-is-layout-flow\"><summary>Presentaci\u00f3n<\/summary>\n<ul class=\"wp-block-list\">\n<li class=\"has-medium-font-size\">El tr\u00e1mite puede ser presentado por la persona interesada.<\/li>\n<\/ul>\n<\/details>\n\n\n\n<details class=\"wp-block-details has-large-font-size is-layout-flow wp-block-details-is-layout-flow\"><summary>Forma<\/summary>\n<ul class=\"wp-block-list\">\n<li class=\"has-medium-font-size\">Completar formulario que se puede obtener en las oficinas centrales.<\/li>\n\n\n\n<li class=\"has-medium-font-size\"><strong>DATOS DE INFORMACI\u00d3N REQUERIDOS:<\/strong><\/li>\n\n\n\n<li class=\"has-medium-font-size\">Las generales del solicitante.<\/li>\n\n\n\n<li class=\"has-medium-font-size\">El se\u00f1alamiento del medio t\u00e9cnico o lugar para recibir notificaciones y la persona facultada para recibir las mismas.<\/li>\n\n\n\n<li class=\"has-medium-font-size\">Categor\u00eda solicitada.<\/li>\n\n\n\n<li class=\"has-medium-font-size\">La firma del solicitante.<\/li>\n\n\n\n<li class=\"has-medium-font-size\">Recibo de pago.<\/li>\n\n\n\n<li class=\"has-medium-font-size\">Documentaci\u00f3n anexa requerida para el tr\u00e1mite establecida por el Reglamento del RENAV, o norma t\u00e9cnica aplicable.<\/li>\n<\/ul>\n<\/details>\n\n\n\n<details class=\"wp-block-details has-large-font-size is-layout-flow wp-block-details-is-layout-flow\"><summary>Requisitos<\/summary>\n<ul class=\"wp-block-list\">\n<li class=\"has-medium-font-size\">Edad m\u00ednima de 18 a\u00f1os.<\/li>\n\n\n\n<li class=\"has-medium-font-size\">Formulario de solicitud debidamente completado.<\/li>\n\n\n\n<li class=\"has-medium-font-size\">Copia documentos personales: Documento \u00danico de Identidad (DUI), o Pasaporte si son extranjeros, certificados por notario.<\/li>\n\n\n\n<li class=\"has-medium-font-size\">Copia certificada por notario de la tarjeta con el N\u00famero de Identificaci\u00f3n Tributaria.<\/li>\n\n\n\n<li class=\"has-medium-font-size\">Certificado que acredite la educaci\u00f3n b\u00e1sica finalizada hasta noveno grado.<\/li>\n\n\n\n<li class=\"has-medium-font-size\">Diploma del curso o los cursos b\u00e1sicos a los cuales se les emitir\u00e1 un Certificado de Suficiencia, expedidos por un Centro de Formaci\u00f3n de Marinos autorizado por el Servicio de Guardacostas. Para los Certificados de T\u00edtulos Internacionales de Marinero Ordinario, los diplomas de los cursos de formaci\u00f3n b\u00e1sica detallados a continuaci\u00f3n:\n<ol class=\"wp-block-list\">\n<li>Curso modelo OMI 1.13.<\/li>\n\n\n\n<li>Curso modelo OMI 1.19.<\/li>\n\n\n\n<li>Curso modelo OMI 1.20.<\/li>\n\n\n\n<li>Curso modelo OMI 1.21.<\/li>\n\n\n\n<li>Curso modelo OMI 3.27.<\/li>\n\n\n\n<li>Ingl\u00e9s t\u00e9cnico mar\u00edtimo.<\/li>\n\n\n\n<li>Curso modelo OMI 1.28.<\/li>\n\n\n\n<li>Curso modelo OMI 1.29.<\/li>\n\n\n\n<li>Curso modelo OMI 1.23.<\/li>\n\n\n\n<li>Curso modelo OMI 3.26.<\/li>\n<\/ol>\n<\/li>\n\n\n\n<li class=\"has-medium-font-size\">Certificado m\u00e9dico de buena salud, de acuerdo a los requisitos establecidos en el art\u00edculo 10 del reglamento para la titulaci\u00f3n de gente de mar.<\/li>\n\n\n\n<li class=\"has-medium-font-size\">Certificado m\u00e9dico de buena salud, de acuerdo a los requisitos establecidos en el art\u00edculo 10 del reglamento para la titulaci\u00f3n de gente de mar.<\/li>\n\n\n\n<li class=\"has-medium-font-size\">Dos fotograf\u00edas recientes 3\u00d74 cm.<\/li>\n\n\n\n<li class=\"has-medium-font-size\">Recibo de pago de los cargos respectivos.<\/li>\n\n\n\n<li><strong>CRITERIOS DE RESOLUCI\u00d3N DEL TR\u00c1MITE<\/strong><\/li>\n\n\n\n<li class=\"has-medium-font-size\">Los documentos que se exhiban en copias u originales, seg\u00fan corresponda, deber\u00e1n ser legibles en su totalidad.<\/li>\n\n\n\n<li class=\"has-medium-font-size\">Que se exhiba la documentaci\u00f3n completa para realizar el tr\u00e1mite<\/li>\n<\/ul>\n<\/details>\n\n\n\n<details class=\"wp-block-details has-large-font-size is-layout-flow wp-block-details-is-layout-flow\"><summary>Pasos<\/summary>\n<ul class=\"wp-block-list\">\n<li class=\"has-medium-font-size\">Recepci\u00f3n de solicitud y documentaci\u00f3n.<\/li>\n\n\n\n<li class=\"has-medium-font-size\">An\u00e1lisis documental, dictamen t\u00e9cnico, resoluci\u00f3n de admisi\u00f3n.<\/li>\n\n\n\n<li class=\"has-medium-font-size\">Dictamen t\u00e9cnico de evaluaci\u00f3n de aptitud y Emisi\u00f3n de Resoluci\u00f3n de Autorizaci\u00f3n del Comandante del Servicio de Guardacostas.<\/li>\n\n\n\n<li class=\"has-medium-font-size\">Registro y notificaci\u00f3n.<\/li>\n<\/ul>\n<\/details>\n<\/div><\/div>\n<\/div>\n<\/div>\n<\/div>\n\n\n\n<div style=\"height:0px\" aria-hidden=\"true\" class=\"wp-block-spacer wp-container-content-7\"><\/div>\n<\/div>\n\n\n\n<div class=\"wp-block-group is-vertical is-content-justification-left is-layout-flex wp-container-core-group-is-layout-5 wp-block-group-is-layout-flex\">\n<div style=\"height:50px\" aria-hidden=\"true\" class=\"wp-block-spacer wp-container-content-8\"><\/div>\n\n\n\n<div style=\"height:0px\" aria-hidden=\"true\" class=\"wp-block-spacer wp-container-content-9\"><\/div>\n\n\n\n<h2 class=\"wp-block-heading has-large-font-size\" style=\"text-transform:uppercase\">Consulta de Marinos Mercantes<\/h2>\n\n\n\n<div style=\"height:0px\" aria-hidden=\"true\" class=\"wp-block-spacer wp-container-content-10\"><\/div>\n\n\n\n<h4 class=\"wp-block-heading\"><\/h4>\n\n\n\n<div style=\"height:0px\" aria-hidden=\"true\" class=\"wp-block-spacer wp-container-content-11\"><\/div>\n<\/div>\n\n\n\n<div class=\"wp-block-media-text is-stacked-on-mobile\" style=\"grid-template-columns:15% auto\"><figure class=\"wp-block-media-text__media\"><img loading=\"lazy\" decoding=\"async\" width=\"59\" height=\"59\" src=\"https:\/\/serviciodeguardacostas.mil.sv\/wp-content\/uploads\/2020\/08\/Preguntas.svg\" alt=\"\" class=\"wp-image-673 size-full\"\/><\/figure><div class=\"wp-block-media-text__content\">\n<h4 class=\"wp-block-heading\">PARA BUSCAR INFORMACI\u00d3N EN ESPEC\u00cdFICO: USAR COMBINACI\u00d3N DE TECLAS &#8220;CTRL + F&#8221;<\/h4>\n\n\n\n<h4 class=\"wp-block-heading\">TO SEARCH FOR SPECIFIC INFORMATION: USE KEY COMBINATION &#8220;CTRL + F&#8221;<\/h4>\n<\/div><\/div>\n\n\n\n<div style=\"height:55px\" aria-hidden=\"true\" class=\"wp-block-spacer\"><\/div>\n\n\n\n<div data-wp-interactive=\"core\/file\" class=\"wp-block-file\"><object data-wp-bind--hidden=\"!state.hasPdfPreview\"  class=\"wp-block-file__embed\" data=\"https:\/\/serviciodeguardacostas.mil.sv\/wp-content\/uploads\/2025\/08\/REGISTRO-DE-MARINOS-MERCANTES-2025-08-05.pdf\" type=\"application\/pdf\" style=\"width:100%;height:600px\" aria-label=\"Incrustado de REGISTRO DE MARINOS MERCANTES 2025-08-05.\"><\/object><a id=\"wp-block-file--media-092962d5-d4e5-498b-91ce-058a787b7dd6\" href=\"https:\/\/serviciodeguardacostas.mil.sv\/wp-content\/uploads\/2025\/08\/REGISTRO-DE-MARINOS-MERCANTES-2025-08-05.pdf\">REGISTRO DE MARINOS MERCANTES 2025-08-05<\/a><a href=\"https:\/\/serviciodeguardacostas.mil.sv\/wp-content\/uploads\/2025\/08\/REGISTRO-DE-MARINOS-MERCANTES-2025-08-05.pdf\" class=\"wp-block-file__button wp-element-button\" download aria-describedby=\"wp-block-file--media-092962d5-d4e5-498b-91ce-058a787b7dd6\">Descarga<\/a><\/div>\n\n\n\n<div style=\"height:100px\" aria-hidden=\"true\" class=\"wp-block-spacer\"><\/div>\n<\/div>\n<\/div>\n<\/div><\/div>\n<\/div>\n<\/div>\n","protected":false},"excerpt":{"rendered":"<div class=\"parrafos-blancos-letranegra\"><p>Marinos Mercantes (Gente de Mar nacional) La&nbsp;Autoridad Mar\u00edtima,&nbsp;en en el cumplimiento de sus competencias institucionales es la encargada de aplicar el Convenio STCW\u201978 enmendado, el cual establece los requisitos m\u00ednimos [&hellip;]<\/p>\n<\/div>","protected":false},"author":4,"featured_media":0,"parent":534,"menu_order":0,"comment_status":"closed","ping_status":"closed","template":"","meta":{"footnotes":""},"class_list":["post-1777","page","type-page","status-publish","hentry"],"yoast_head":"<!-- This site is optimized with the Yoast SEO plugin v23.6 - https:\/\/yoast.com\/wordpress\/plugins\/seo\/ -->\n<title>MARINOS MERCANTES - Servicio de Guardacostas de la Marina Nacional de El Salvador<\/title>\n<meta name=\"robots\" content=\"index, follow, max-snippet:-1, max-image-preview:large, max-video-preview:-1\" \/>\n<link rel=\"canonical\" href=\"https:\/\/serviciodeguardacostas.mil.sv\/?page_id=1777\" \/>\n<meta property=\"og:locale\" content=\"es_ES\" \/>\n<meta property=\"og:type\" content=\"article\" \/>\n<meta property=\"og:title\" content=\"MARINOS MERCANTES - Servicio de Guardacostas de la Marina Nacional de El Salvador\" \/>\n<meta property=\"og:description\" content=\"Marinos Mercantes (Gente de Mar nacional) La&nbsp;Autoridad Mar\u00edtima,&nbsp;en en el cumplimiento de sus competencias institucionales es la encargada de aplicar el Convenio STCW\u201978 enmendado, el cual establece los requisitos m\u00ednimos [&hellip;]\" \/>\n<meta property=\"og:url\" content=\"https:\/\/serviciodeguardacostas.mil.sv\/?page_id=1777\" \/>\n<meta property=\"og:site_name\" content=\"Servicio de Guardacostas de la Marina Nacional de El Salvador\" \/>\n<meta property=\"article:modified_time\" content=\"2025-08-05T21:12:00+00:00\" \/>\n<meta property=\"og:image\" content=\"https:\/\/serviciodeguardacostas.mil.sv\/wp-content\/uploads\/2021\/09\/1666360273392-1-1024x1024.jpg\" \/>\n<meta name=\"twitter:card\" content=\"summary_large_image\" \/>\n<meta name=\"twitter:label1\" content=\"Tiempo de lectura\" \/>\n\t<meta name=\"twitter:data1\" content=\"3 minutos\" \/>\n<script type=\"application\/ld+json\" class=\"yoast-schema-graph\">{\"@context\":\"https:\/\/schema.org\",\"@graph\":[{\"@type\":\"WebPage\",\"@id\":\"https:\/\/serviciodeguardacostas.mil.sv\/?page_id=1777\",\"url\":\"https:\/\/serviciodeguardacostas.mil.sv\/?page_id=1777\",\"name\":\"MARINOS MERCANTES - Servicio de Guardacostas de la Marina Nacional de El Salvador\",\"isPartOf\":{\"@id\":\"https:\/\/serviciodeguardacostas.mil.sv\/#website\"},\"primaryImageOfPage\":{\"@id\":\"https:\/\/serviciodeguardacostas.mil.sv\/?page_id=1777#primaryimage\"},\"image\":{\"@id\":\"https:\/\/serviciodeguardacostas.mil.sv\/?page_id=1777#primaryimage\"},\"thumbnailUrl\":\"https:\/\/serviciodeguardacostas.mil.sv\/wp-content\/uploads\/2021\/09\/1666360273392-1-1024x1024.jpg\",\"datePublished\":\"2023-08-31T16:49:30+00:00\",\"dateModified\":\"2025-08-05T21:12:00+00:00\",\"breadcrumb\":{\"@id\":\"https:\/\/serviciodeguardacostas.mil.sv\/?page_id=1777#breadcrumb\"},\"inLanguage\":\"es\",\"potentialAction\":[{\"@type\":\"ReadAction\",\"target\":[\"https:\/\/serviciodeguardacostas.mil.sv\/?page_id=1777\"]}]},{\"@type\":\"ImageObject\",\"inLanguage\":\"es\",\"@id\":\"https:\/\/serviciodeguardacostas.mil.sv\/?page_id=1777#primaryimage\",\"url\":\"https:\/\/serviciodeguardacostas.mil.sv\/wp-content\/uploads\/2021\/09\/1666360273392-1.jpg\",\"contentUrl\":\"https:\/\/serviciodeguardacostas.mil.sv\/wp-content\/uploads\/2021\/09\/1666360273392-1.jpg\",\"width\":1067,\"height\":1067},{\"@type\":\"BreadcrumbList\",\"@id\":\"https:\/\/serviciodeguardacostas.mil.sv\/?page_id=1777#breadcrumb\",\"itemListElement\":[{\"@type\":\"ListItem\",\"position\":1,\"name\":\"Inicio\",\"item\":\"https:\/\/serviciodeguardacostas.mil.sv\/\"},{\"@type\":\"ListItem\",\"position\":2,\"name\":\"Gu\u00eda de servicios\",\"item\":\"https:\/\/serviciodeguardacostas.mil.sv\/?page_id=534\"},{\"@type\":\"ListItem\",\"position\":3,\"name\":\"MARINOS MERCANTES\"}]},{\"@type\":\"WebSite\",\"@id\":\"https:\/\/serviciodeguardacostas.mil.sv\/#website\",\"url\":\"https:\/\/serviciodeguardacostas.mil.sv\/\",\"name\":\"Servicio de Guardacostas de la Marina Nacional de El Salvador\",\"description\":\"Guardacostas\",\"potentialAction\":[{\"@type\":\"SearchAction\",\"target\":{\"@type\":\"EntryPoint\",\"urlTemplate\":\"https:\/\/serviciodeguardacostas.mil.sv\/?s={search_term_string}\"},\"query-input\":{\"@type\":\"PropertyValueSpecification\",\"valueRequired\":true,\"valueName\":\"search_term_string\"}}],\"inLanguage\":\"es\"}]}<\/script>\n<!-- \/ Yoast SEO plugin. -->","yoast_head_json":{"title":"MARINOS MERCANTES - Servicio de Guardacostas de la Marina Nacional de El Salvador","robots":{"index":"index","follow":"follow","max-snippet":"max-snippet:-1","max-image-preview":"max-image-preview:large","max-video-preview":"max-video-preview:-1"},"canonical":"https:\/\/serviciodeguardacostas.mil.sv\/?page_id=1777","og_locale":"es_ES","og_type":"article","og_title":"MARINOS MERCANTES - Servicio de Guardacostas de la Marina Nacional de El Salvador","og_description":"Marinos Mercantes (Gente de Mar nacional) La&nbsp;Autoridad Mar\u00edtima,&nbsp;en en el cumplimiento de sus competencias institucionales es la encargada de aplicar el Convenio STCW\u201978 enmendado, el cual establece los requisitos m\u00ednimos [&hellip;]","og_url":"https:\/\/serviciodeguardacostas.mil.sv\/?page_id=1777","og_site_name":"Servicio de Guardacostas de la Marina Nacional de El Salvador","article_modified_time":"2025-08-05T21:12:00+00:00","og_image":[{"url":"https:\/\/serviciodeguardacostas.mil.sv\/wp-content\/uploads\/2021\/09\/1666360273392-1-1024x1024.jpg"}],"twitter_card":"summary_large_image","twitter_misc":{"Tiempo de lectura":"3 minutos"},"schema":{"@context":"https:\/\/schema.org","@graph":[{"@type":"WebPage","@id":"https:\/\/serviciodeguardacostas.mil.sv\/?page_id=1777","url":"https:\/\/serviciodeguardacostas.mil.sv\/?page_id=1777","name":"MARINOS MERCANTES - Servicio de Guardacostas de la Marina Nacional de El Salvador","isPartOf":{"@id":"https:\/\/serviciodeguardacostas.mil.sv\/#website"},"primaryImageOfPage":{"@id":"https:\/\/serviciodeguardacostas.mil.sv\/?page_id=1777#primaryimage"},"image":{"@id":"https:\/\/serviciodeguardacostas.mil.sv\/?page_id=1777#primaryimage"},"thumbnailUrl":"https:\/\/serviciodeguardacostas.mil.sv\/wp-content\/uploads\/2021\/09\/1666360273392-1-1024x1024.jpg","datePublished":"2023-08-31T16:49:30+00:00","dateModified":"2025-08-05T21:12:00+00:00","breadcrumb":{"@id":"https:\/\/serviciodeguardacostas.mil.sv\/?page_id=1777#breadcrumb"},"inLanguage":"es","potentialAction":[{"@type":"ReadAction","target":["https:\/\/serviciodeguardacostas.mil.sv\/?page_id=1777"]}]},{"@type":"ImageObject","inLanguage":"es","@id":"https:\/\/serviciodeguardacostas.mil.sv\/?page_id=1777#primaryimage","url":"https:\/\/serviciodeguardacostas.mil.sv\/wp-content\/uploads\/2021\/09\/1666360273392-1.jpg","contentUrl":"https:\/\/serviciodeguardacostas.mil.sv\/wp-content\/uploads\/2021\/09\/1666360273392-1.jpg","width":1067,"height":1067},{"@type":"BreadcrumbList","@id":"https:\/\/serviciodeguardacostas.mil.sv\/?page_id=1777#breadcrumb","itemListElement":[{"@type":"ListItem","position":1,"name":"Inicio","item":"https:\/\/serviciodeguardacostas.mil.sv\/"},{"@type":"ListItem","position":2,"name":"Gu\u00eda de servicios","item":"https:\/\/serviciodeguardacostas.mil.sv\/?page_id=534"},{"@type":"ListItem","position":3,"name":"MARINOS MERCANTES"}]},{"@type":"WebSite","@id":"https:\/\/serviciodeguardacostas.mil.sv\/#website","url":"https:\/\/serviciodeguardacostas.mil.sv\/","name":"Servicio de Guardacostas de la Marina Nacional de El Salvador","description":"Guardacostas","potentialAction":[{"@type":"SearchAction","target":{"@type":"EntryPoint","urlTemplate":"https:\/\/serviciodeguardacostas.mil.sv\/?s={search_term_string}"},"query-input":{"@type":"PropertyValueSpecification","valueRequired":true,"valueName":"search_term_string"}}],"inLanguage":"es"}]}},"_links":{"self":[{"href":"https:\/\/serviciodeguardacostas.mil.sv\/index.php?rest_route=\/wp\/v2\/pages\/1777"}],"collection":[{"href":"https:\/\/serviciodeguardacostas.mil.sv\/index.php?rest_route=\/wp\/v2\/pages"}],"about":[{"href":"https:\/\/serviciodeguardacostas.mil.sv\/index.php?rest_route=\/wp\/v2\/types\/page"}],"author":[{"embeddable":true,"href":"https:\/\/serviciodeguardacostas.mil.sv\/index.php?rest_route=\/wp\/v2\/users\/4"}],"replies":[{"embeddable":true,"href":"https:\/\/serviciodeguardacostas.mil.sv\/index.php?rest_route=%2Fwp%2Fv2%2Fcomments&post=1777"}],"version-history":[{"count":24,"href":"https:\/\/serviciodeguardacostas.mil.sv\/index.php?rest_route=\/wp\/v2\/pages\/1777\/revisions"}],"predecessor-version":[{"id":2936,"href":"https:\/\/serviciodeguardacostas.mil.sv\/index.php?rest_route=\/wp\/v2\/pages\/1777\/revisions\/2936"}],"up":[{"embeddable":true,"href":"https:\/\/serviciodeguardacostas.mil.sv\/index.php?rest_route=\/wp\/v2\/pages\/534"}],"wp:attachment":[{"href":"https:\/\/serviciodeguardacostas.mil.sv\/index.php?rest_route=%2Fwp%2Fv2%2Fmedia&parent=1777"}],"curies":[{"name":"wp","href":"https:\/\/api.w.org\/{rel}","templated":true}]}}