{"id":1628,"date":"2021-09-07T09:43:12","date_gmt":"2021-09-07T15:43:12","guid":{"rendered":"https:\/\/serviciodeguardacostas.mil.sv\/?page_id=1628"},"modified":"2024-07-24T18:49:25","modified_gmt":"2024-07-25T00:49:25","slug":"directorio","status":"publish","type":"page","link":"https:\/\/serviciodeguardacostas.mil.sv\/?page_id=1628","title":{"rendered":"Directorio"},"content":{"rendered":"\n<h2 class=\"wp-block-heading\">SERVICIO DE GUARDACOSTAS &#8211; MARINA NACIONAL DE EL SALVADOR <\/h2>\n\n\n\n<figure class=\"wp-block-table is-style-regular\"><table class=\"has-white-color has-text-color has-background\" style=\"background-color:#303845\"><thead><tr><th class=\"has-text-align-center\" data-align=\"center\"><strong>Sede Central<\/strong><\/th><\/tr><\/thead><tbody><tr><td class=\"has-text-align-center\" data-align=\"center\"><strong>Nombre de la Unidad Militar: <\/strong>Servicio de Guardacostas de la Marina Nacional de El Salvador.<br><strong>Direcci\u00f3n: <\/strong>Calle No. 2, Casa No. 127, Calle Loma Linda y La Mascota, Col. San Benito, San Salvador.<br><strong>Tel\u00e9fono contacto: <\/strong>(+503) 6976-7878<br><strong>Horario de atenci\u00f3n: <\/strong>Lunes a Viernes 7:00 a.m \u2013 5:00 p.m.<br><strong>E-mail: <\/strong>cmte.deguardacostas@marinanacional.mil.sv<\/td><\/tr><\/tbody><\/table><\/figure>\n\n\n\n<p><\/p>\n\n\n\n<figure><iframe loading=\"lazy\" src=\"https:\/\/www.google.com\/maps\/embed?pb=!1m14!1m8!1m3!1d3876.3838714779477!2d-89.23466367969043!3d13.69518521263809!3m2!1i1024!2i768!4f13.1!3m3!1m2!1s0x8f63319510e506cd%3A0x902d4d27d4943a98!2sServicio%20de%20Guardacostas%2C%20Marina%20Nacional%20de%20El%20Salvador!5e0!3m2!1ses-419!2ssv!4v1690219771055!5m2!1ses-419!2ssv\" width=\"600\" height=\"450\" allowfullscreen=\"\"><\/iframe><\/figure>\n\n\n\n<hr class=\"wp-block-separator has-css-opacity\"\/>\n\n\n\n<div style=\"height:100px\" aria-hidden=\"true\" class=\"wp-block-spacer\"><\/div>\n\n\n\n<p><strong>CAPITANIAS DE PUERTO DEL SERVICIO DE GUARDACOSTAS<\/strong><\/p>\n\n\n\n<figure class=\"wp-block-table is-style-regular\"><table class=\"has-white-color has-text-color has-background\" style=\"background-color:#303845\"><thead><tr><th class=\"has-text-align-center\" data-align=\"center\"><strong>Capitan\u00eda de Puerto<\/strong><\/th><th><\/th><th class=\"has-text-align-center\" data-align=\"center\"><strong>Tel\u00e9fono de Contacto<\/strong><\/th><\/tr><\/thead><tbody><tr><td class=\"has-text-align-center\" data-align=\"center\">Capitan\u00eda de Puerto de Acajutla (CPAC).<br>Sonsonate, Acajutla<\/td><td><\/td><td class=\"has-text-align-center\" data-align=\"center\">(+503) 7071-2009<br>(+503) 7747-3006<\/td><\/tr><tr><td class=\"has-text-align-center\" data-align=\"center\">Capitan\u00eda de Puerto La Libertad (CPLL).<br>Sunset Park, La Libertad<\/td><td><\/td><td class=\"has-text-align-center\" data-align=\"center\">(+503) 6976-9471<br>(+503) 6976-3708<\/td><\/tr><tr><td class=\"has-text-align-center\" data-align=\"center\">Capitan\u00eda de Puerto La Concordia (CPLC).<br>La Concordia, La Paz<\/td><td><\/td><td class=\"has-text-align-center\" data-align=\"center\">(+503) 6976-4004<br>(+503) 6976-8446<\/td><\/tr><tr><td class=\"has-text-align-center\" data-align=\"center\">Capitan\u00eda de Puerto El Triunfo (CPET).<br>Puerto El Triunfo, Usulut\u00e1n<\/td><td><\/td><td class=\"has-text-align-center\" data-align=\"center\">(+503) 6976-7913<br>(+503) 6976-3089<\/td><\/tr><tr><td class=\"has-text-align-center\" data-align=\"center\">Capitan\u00eda de Puerto La Uni\u00f3n (CPLU).<br>La Uni\u00f3n, La Uni\u00f3n<\/td><td><\/td><td class=\"has-text-align-center\" data-align=\"center\">(+503) 6976-0768<br>(+503) 6976-2211<\/td><\/tr><\/tbody><\/table><\/figure>\n\n\n\n<div style=\"height:100px\" aria-hidden=\"true\" class=\"wp-block-spacer\"><\/div>\n\n\n\n<p><strong>DESTACAMENTOS NAVALES DEL SERVICIO DE GUARDACOSTAS<\/strong><\/p>\n\n\n\n<figure class=\"wp-block-table is-style-regular\"><table class=\"has-white-color has-text-color has-background\" style=\"background-color:#303845\"><thead><tr><th class=\"has-text-align-center\" data-align=\"center\"><strong>Destacamentos Navales<\/strong><\/th><th><\/th><th class=\"has-text-align-center\" data-align=\"center\"><strong>Tel\u00e9fono de Contacto<\/strong><\/th><\/tr><\/thead><tbody><tr><td class=\"has-text-align-center\" data-align=\"center\">Destacamento Naval del Lago de Coatepeque.<br>Coatepeque, Santa Ana<\/td><td><\/td><td class=\"has-text-align-center\" data-align=\"center\">(+503) 7071-2031<br>(+503) 7071-2033<\/td><\/tr><tr><td class=\"has-text-align-center\" data-align=\"center\">Destacamento Naval del Lago de G\u00fcija.<br>Metap\u00e1n, Santa Ana<\/td><td><\/td><td class=\"has-text-align-center\" data-align=\"center\">(+503) 7071-2028<\/td><\/tr><tr><td class=\"has-text-align-center\" data-align=\"center\">Destacamento Naval de Lago de Ilopango.<br>Ilopango, San Salvador<\/td><td><\/td><td class=\"has-text-align-center\" data-align=\"center\">(+503) 7749-0448<\/td><\/tr><\/tbody><\/table><\/figure>\n\n\n\n<hr class=\"wp-block-separator has-css-opacity\"\/>\n\n\n\n<p><strong>ESTADO MAYOR GENERAL DE LA MARINA NACIONAL<\/strong><\/p>\n\n\n\n<figure><iframe loading=\"lazy\" src=\"https:\/\/www.google.com\/maps\/embed?pb=!1m23!1m12!1m3!1d814.8738261621829!2d-89.17825717504608!3d13.705423920050343!2m3!1f0!2f0!3f0!3m2!1i1024!2i768!4f13.1!4m8!3e6!4m0!4m5!1s0x8f6330b7fdaeeb27%3A0x9fe164b04fc87ae!2sFuerza%20Naval%20De%20El%20Salvador%2C%20Calle%20Redondel%2C%20San%20Salvador%2C%20El%20Salvador!3m2!1d13.7055446!2d-89.1777537!5e0!3m2!1ses!2sus!4v1631030189725!5m2!1ses!2sus\" allowfullscreen=\"\" width=\"600\" height=\"450\"><\/iframe><\/figure>\n\n\n\n<div style=\"height:40px\" aria-hidden=\"true\" class=\"wp-block-spacer\"><\/div>\n\n\n<div class=\"wp-block-image\">\n<figure class=\"aligncenter size-full is-resized\"><img loading=\"lazy\" decoding=\"async\" src=\"https:\/\/serviciodeguardacostas.mil.sv\/wp-content\/uploads\/2023\/09\/MarinaNacionalLogoPNG.png\" alt=\"\" class=\"wp-image-2055\" style=\"width:140px;height:146px\" width=\"140\" height=\"146\" srcset=\"https:\/\/serviciodeguardacostas.mil.sv\/wp-content\/uploads\/2023\/09\/MarinaNacionalLogoPNG.png 446w, https:\/\/serviciodeguardacostas.mil.sv\/wp-content\/uploads\/2023\/09\/MarinaNacionalLogoPNG-287x300.png 287w\" sizes=\"(max-width: 140px) 100vw, 140px\" \/><\/figure><\/div>","protected":false},"excerpt":{"rendered":"<div class=\"parrafos-blancos-letranegra\"><p>SERVICIO DE GUARDACOSTAS &#8211; MARINA NACIONAL DE EL SALVADOR Sede Central Nombre de la Unidad Militar: Servicio de Guardacostas de la Marina Nacional de El Salvador.Direcci\u00f3n: Calle No. 2, Casa [&hellip;]<\/p>\n<\/div>","protected":false},"author":4,"featured_media":1662,"parent":0,"menu_order":0,"comment_status":"closed","ping_status":"closed","template":"","meta":{"footnotes":""},"class_list":["post-1628","page","type-page","status-publish","has-post-thumbnail","hentry"],"yoast_head":"<!-- This site is optimized with the Yoast SEO plugin v23.6 - https:\/\/yoast.com\/wordpress\/plugins\/seo\/ -->\n<title>Directorio - Servicio de Guardacostas de la Marina Nacional de El Salvador<\/title>\n<meta name=\"robots\" content=\"index, follow, max-snippet:-1, max-image-preview:large, max-video-preview:-1\" \/>\n<link rel=\"canonical\" href=\"https:\/\/serviciodeguardacostas.mil.sv\/?page_id=1628\" \/>\n<meta property=\"og:locale\" content=\"es_ES\" \/>\n<meta property=\"og:type\" content=\"article\" \/>\n<meta property=\"og:title\" content=\"Directorio - Servicio de Guardacostas de la Marina Nacional de El Salvador\" \/>\n<meta property=\"og:description\" content=\"SERVICIO DE GUARDACOSTAS &#8211; MARINA NACIONAL DE EL SALVADOR Sede Central Nombre de la Unidad Militar: Servicio de Guardacostas de la Marina Nacional de El Salvador.Direcci\u00f3n: Calle No. 2, Casa [&hellip;]\" \/>\n<meta property=\"og:url\" content=\"https:\/\/serviciodeguardacostas.mil.sv\/?page_id=1628\" \/>\n<meta property=\"og:site_name\" content=\"Servicio de Guardacostas de la Marina Nacional de El Salvador\" \/>\n<meta property=\"article:modified_time\" content=\"2024-07-25T00:49:25+00:00\" \/>\n<meta property=\"og:image\" content=\"https:\/\/serviciodeguardacostas.mil.sv\/wp-content\/uploads\/2021\/09\/headerAcajutla.jpg\" \/>\n\t<meta property=\"og:image:width\" content=\"1920\" \/>\n\t<meta property=\"og:image:height\" content=\"430\" \/>\n\t<meta property=\"og:image:type\" content=\"image\/jpeg\" \/>\n<meta name=\"twitter:card\" content=\"summary_large_image\" \/>\n<meta name=\"twitter:label1\" content=\"Tiempo de lectura\" \/>\n\t<meta name=\"twitter:data1\" content=\"1 minuto\" \/>\n<script type=\"application\/ld+json\" class=\"yoast-schema-graph\">{\"@context\":\"https:\/\/schema.org\",\"@graph\":[{\"@type\":\"WebPage\",\"@id\":\"https:\/\/serviciodeguardacostas.mil.sv\/?page_id=1628\",\"url\":\"https:\/\/serviciodeguardacostas.mil.sv\/?page_id=1628\",\"name\":\"Directorio - Servicio de Guardacostas de la Marina Nacional de El Salvador\",\"isPartOf\":{\"@id\":\"https:\/\/serviciodeguardacostas.mil.sv\/#website\"},\"primaryImageOfPage\":{\"@id\":\"https:\/\/serviciodeguardacostas.mil.sv\/?page_id=1628#primaryimage\"},\"image\":{\"@id\":\"https:\/\/serviciodeguardacostas.mil.sv\/?page_id=1628#primaryimage\"},\"thumbnailUrl\":\"https:\/\/serviciodeguardacostas.mil.sv\/wp-content\/uploads\/2021\/09\/headerAcajutla.jpg\",\"datePublished\":\"2021-09-07T15:43:12+00:00\",\"dateModified\":\"2024-07-25T00:49:25+00:00\",\"breadcrumb\":{\"@id\":\"https:\/\/serviciodeguardacostas.mil.sv\/?page_id=1628#breadcrumb\"},\"inLanguage\":\"es\",\"potentialAction\":[{\"@type\":\"ReadAction\",\"target\":[\"https:\/\/serviciodeguardacostas.mil.sv\/?page_id=1628\"]}]},{\"@type\":\"ImageObject\",\"inLanguage\":\"es\",\"@id\":\"https:\/\/serviciodeguardacostas.mil.sv\/?page_id=1628#primaryimage\",\"url\":\"https:\/\/serviciodeguardacostas.mil.sv\/wp-content\/uploads\/2021\/09\/headerAcajutla.jpg\",\"contentUrl\":\"https:\/\/serviciodeguardacostas.mil.sv\/wp-content\/uploads\/2021\/09\/headerAcajutla.jpg\",\"width\":1920,\"height\":430},{\"@type\":\"BreadcrumbList\",\"@id\":\"https:\/\/serviciodeguardacostas.mil.sv\/?page_id=1628#breadcrumb\",\"itemListElement\":[{\"@type\":\"ListItem\",\"position\":1,\"name\":\"Inicio\",\"item\":\"https:\/\/serviciodeguardacostas.mil.sv\/\"},{\"@type\":\"ListItem\",\"position\":2,\"name\":\"Directorio\"}]},{\"@type\":\"WebSite\",\"@id\":\"https:\/\/serviciodeguardacostas.mil.sv\/#website\",\"url\":\"https:\/\/serviciodeguardacostas.mil.sv\/\",\"name\":\"Servicio de Guardacostas de la Marina Nacional de El Salvador\",\"description\":\"Guardacostas\",\"potentialAction\":[{\"@type\":\"SearchAction\",\"target\":{\"@type\":\"EntryPoint\",\"urlTemplate\":\"https:\/\/serviciodeguardacostas.mil.sv\/?s={search_term_string}\"},\"query-input\":{\"@type\":\"PropertyValueSpecification\",\"valueRequired\":true,\"valueName\":\"search_term_string\"}}],\"inLanguage\":\"es\"}]}<\/script>\n<!-- \/ Yoast SEO plugin. -->","yoast_head_json":{"title":"Directorio - Servicio de Guardacostas de la Marina Nacional de El Salvador","robots":{"index":"index","follow":"follow","max-snippet":"max-snippet:-1","max-image-preview":"max-image-preview:large","max-video-preview":"max-video-preview:-1"},"canonical":"https:\/\/serviciodeguardacostas.mil.sv\/?page_id=1628","og_locale":"es_ES","og_type":"article","og_title":"Directorio - Servicio de Guardacostas de la Marina Nacional de El Salvador","og_description":"SERVICIO DE GUARDACOSTAS &#8211; MARINA NACIONAL DE EL SALVADOR Sede Central Nombre de la Unidad Militar: Servicio de Guardacostas de la Marina Nacional de El Salvador.Direcci\u00f3n: Calle No. 2, Casa [&hellip;]","og_url":"https:\/\/serviciodeguardacostas.mil.sv\/?page_id=1628","og_site_name":"Servicio de Guardacostas de la Marina Nacional de El Salvador","article_modified_time":"2024-07-25T00:49:25+00:00","og_image":[{"width":1920,"height":430,"url":"https:\/\/serviciodeguardacostas.mil.sv\/wp-content\/uploads\/2021\/09\/headerAcajutla.jpg","type":"image\/jpeg"}],"twitter_card":"summary_large_image","twitter_misc":{"Tiempo de lectura":"1 minuto"},"schema":{"@context":"https:\/\/schema.org","@graph":[{"@type":"WebPage","@id":"https:\/\/serviciodeguardacostas.mil.sv\/?page_id=1628","url":"https:\/\/serviciodeguardacostas.mil.sv\/?page_id=1628","name":"Directorio - Servicio de Guardacostas de la Marina Nacional de El Salvador","isPartOf":{"@id":"https:\/\/serviciodeguardacostas.mil.sv\/#website"},"primaryImageOfPage":{"@id":"https:\/\/serviciodeguardacostas.mil.sv\/?page_id=1628#primaryimage"},"image":{"@id":"https:\/\/serviciodeguardacostas.mil.sv\/?page_id=1628#primaryimage"},"thumbnailUrl":"https:\/\/serviciodeguardacostas.mil.sv\/wp-content\/uploads\/2021\/09\/headerAcajutla.jpg","datePublished":"2021-09-07T15:43:12+00:00","dateModified":"2024-07-25T00:49:25+00:00","breadcrumb":{"@id":"https:\/\/serviciodeguardacostas.mil.sv\/?page_id=1628#breadcrumb"},"inLanguage":"es","potentialAction":[{"@type":"ReadAction","target":["https:\/\/serviciodeguardacostas.mil.sv\/?page_id=1628"]}]},{"@type":"ImageObject","inLanguage":"es","@id":"https:\/\/serviciodeguardacostas.mil.sv\/?page_id=1628#primaryimage","url":"https:\/\/serviciodeguardacostas.mil.sv\/wp-content\/uploads\/2021\/09\/headerAcajutla.jpg","contentUrl":"https:\/\/serviciodeguardacostas.mil.sv\/wp-content\/uploads\/2021\/09\/headerAcajutla.jpg","width":1920,"height":430},{"@type":"BreadcrumbList","@id":"https:\/\/serviciodeguardacostas.mil.sv\/?page_id=1628#breadcrumb","itemListElement":[{"@type":"ListItem","position":1,"name":"Inicio","item":"https:\/\/serviciodeguardacostas.mil.sv\/"},{"@type":"ListItem","position":2,"name":"Directorio"}]},{"@type":"WebSite","@id":"https:\/\/serviciodeguardacostas.mil.sv\/#website","url":"https:\/\/serviciodeguardacostas.mil.sv\/","name":"Servicio de Guardacostas de la Marina Nacional de El Salvador","description":"Guardacostas","potentialAction":[{"@type":"SearchAction","target":{"@type":"EntryPoint","urlTemplate":"https:\/\/serviciodeguardacostas.mil.sv\/?s={search_term_string}"},"query-input":{"@type":"PropertyValueSpecification","valueRequired":true,"valueName":"search_term_string"}}],"inLanguage":"es"}]}},"_links":{"self":[{"href":"https:\/\/serviciodeguardacostas.mil.sv\/index.php?rest_route=\/wp\/v2\/pages\/1628"}],"collection":[{"href":"https:\/\/serviciodeguardacostas.mil.sv\/index.php?rest_route=\/wp\/v2\/pages"}],"about":[{"href":"https:\/\/serviciodeguardacostas.mil.sv\/index.php?rest_route=\/wp\/v2\/types\/page"}],"author":[{"embeddable":true,"href":"https:\/\/serviciodeguardacostas.mil.sv\/index.php?rest_route=\/wp\/v2\/users\/4"}],"replies":[{"embeddable":true,"href":"https:\/\/serviciodeguardacostas.mil.sv\/index.php?rest_route=%2Fwp%2Fv2%2Fcomments&post=1628"}],"version-history":[{"count":42,"href":"https:\/\/serviciodeguardacostas.mil.sv\/index.php?rest_route=\/wp\/v2\/pages\/1628\/revisions"}],"predecessor-version":[{"id":2269,"href":"https:\/\/serviciodeguardacostas.mil.sv\/index.php?rest_route=\/wp\/v2\/pages\/1628\/revisions\/2269"}],"wp:featuredmedia":[{"embeddable":true,"href":"https:\/\/serviciodeguardacostas.mil.sv\/index.php?rest_route=\/wp\/v2\/media\/1662"}],"wp:attachment":[{"href":"https:\/\/serviciodeguardacostas.mil.sv\/index.php?rest_route=%2Fwp%2Fv2%2Fmedia&parent=1628"}],"curies":[{"name":"wp","href":"https:\/\/api.w.org\/{rel}","templated":true}]}}