{"id":1622,"date":"2021-09-07T09:28:23","date_gmt":"2021-09-07T15:28:23","guid":{"rendered":"https:\/\/serviciodeguardacostas.mil.sv\/?page_id=1622"},"modified":"2026-02-11T16:11:34","modified_gmt":"2026-02-11T22:11:34","slug":"marco-institucional","status":"publish","type":"page","link":"https:\/\/serviciodeguardacostas.mil.sv\/?page_id=1622","title":{"rendered":"Marco Institucional"},"content":{"rendered":"\n<h2 class=\"wp-block-heading\">Historia<\/h2>\n\n\n\n<p>El servicio de Guardacostas fue creado mediante decreto 691 ejecutivo, emitido por la Asamblea Legislativa de fecha 22 de marzo del 2023 y publicado en el diario oficial el 17 de mayo del 2023, forma parte de la Marina Nacional.<\/p>\n\n\n\n<h2 class=\"wp-block-heading\">Misi\u00f3n<\/h2>\n\n\n\n<p>Velar por los intereses mar\u00edtimos, hacer cumplir las leyes nacionales y tratados internacionales ratificados por el Estado, que regulen todas las actividades mar\u00edtimas que se desarrollan dentro de las aguas jurisdiccionales, con el prop\u00f3sito de contribuir con el desarrollo nacional. En caso de conflicto armado, pasar\u00e1 a realizar tareas para la defensa nacional.<\/p>\n\n\n\n<h2 class=\"wp-block-heading\">Visi\u00f3n<\/h2>\n\n\n\n<p>&#8220;Ser una instituci\u00f3n referente en seguridad mar\u00edtima, protecci\u00f3n del medio ambiente acu\u00e1tico, cumplimiento de las leyes y acuerdos internacionales y promoci\u00f3n de los intereses mar\u00edtimos, consolid\u00e1ndose como eje, para el desarrollo mar\u00edtimo de El Salvador&#8221;<\/p>\n\n\n\n<h2 class=\"wp-block-heading\">Valores<\/h2>\n\n\n\n<p>Compromiso, transparencia, \u00e9tica y calidad.<\/p>\n\n\n\n<h2 class=\"wp-block-heading has-text-align-center\">Organigrama<\/h2>\n\n\n\n<figure class=\"wp-block-image size-large\"><img loading=\"lazy\" decoding=\"async\" width=\"1500\" height=\"1000\" src=\"https:\/\/serviciodeguardacostas.mil.sv\/wp-content\/uploads\/2023\/07\/Organigrama.jpg\" alt=\"\" class=\"wp-image-1722\"\/><\/figure>\n\n\n\n<h2 class=\"wp-block-heading\">Autoridades<\/h2>\n\n\n\n<div class=\"wp-block-group\"><div class=\"wp-block-group__inner-container is-layout-constrained wp-block-group-is-layout-constrained\">\n<p class=\"has-text-align-left\"><strong>Erick Iv\u00e1n Mangandi Serrano<\/strong><\/p>\n\n\n\n<p class=\"has-text-align-left\"><strong>Capit\u00e1n de Nav\u00edo DEM<\/strong><\/p>\n\n\n\n<p class=\"has-text-align-left\"><strong>Cmte. del Servicio de Guardacostas<\/strong><\/p>\n<\/div><\/div>\n","protected":false},"excerpt":{"rendered":"<div class=\"parrafos-blancos-letranegra\"><p>Historia El servicio de Guardacostas fue creado mediante decreto 691 ejecutivo, emitido por la Asamblea Legislativa de fecha 22 de marzo del 2023 y publicado en el diario oficial el [&hellip;]<\/p>\n<\/div>","protected":false},"author":2,"featured_media":0,"parent":0,"menu_order":0,"comment_status":"closed","ping_status":"closed","template":"","meta":{"footnotes":""},"class_list":["post-1622","page","type-page","status-publish","hentry"],"yoast_head":"<!-- This site is optimized with the Yoast SEO plugin v23.6 - https:\/\/yoast.com\/wordpress\/plugins\/seo\/ -->\n<title>Marco Institucional - Servicio de Guardacostas de la Marina Nacional de El Salvador<\/title>\n<meta name=\"robots\" content=\"index, follow, max-snippet:-1, max-image-preview:large, max-video-preview:-1\" \/>\n<link rel=\"canonical\" href=\"https:\/\/serviciodeguardacostas.mil.sv\/?page_id=1622\" \/>\n<meta property=\"og:locale\" content=\"es_ES\" \/>\n<meta property=\"og:type\" content=\"article\" \/>\n<meta property=\"og:title\" content=\"Marco Institucional - Servicio de Guardacostas de la Marina Nacional de El Salvador\" \/>\n<meta property=\"og:description\" content=\"Historia El servicio de Guardacostas fue creado mediante decreto 691 ejecutivo, emitido por la Asamblea Legislativa de fecha 22 de marzo del 2023 y publicado en el diario oficial el [&hellip;]\" \/>\n<meta property=\"og:url\" content=\"https:\/\/serviciodeguardacostas.mil.sv\/?page_id=1622\" \/>\n<meta property=\"og:site_name\" content=\"Servicio de Guardacostas de la Marina Nacional de El Salvador\" \/>\n<meta property=\"article:modified_time\" content=\"2026-02-11T22:11:34+00:00\" \/>\n<meta property=\"og:image\" content=\"https:\/\/serviciodeguardacostas.mil.sv\/wp-content\/uploads\/2023\/07\/Organigrama.jpg\" \/>\n<meta name=\"twitter:card\" content=\"summary_large_image\" \/>\n<meta name=\"twitter:label1\" content=\"Tiempo de lectura\" \/>\n\t<meta name=\"twitter:data1\" content=\"1 minuto\" \/>\n<script type=\"application\/ld+json\" class=\"yoast-schema-graph\">{\"@context\":\"https:\/\/schema.org\",\"@graph\":[{\"@type\":\"WebPage\",\"@id\":\"https:\/\/serviciodeguardacostas.mil.sv\/?page_id=1622\",\"url\":\"https:\/\/serviciodeguardacostas.mil.sv\/?page_id=1622\",\"name\":\"Marco Institucional - Servicio de Guardacostas de la Marina Nacional de El Salvador\",\"isPartOf\":{\"@id\":\"https:\/\/serviciodeguardacostas.mil.sv\/#website\"},\"primaryImageOfPage\":{\"@id\":\"https:\/\/serviciodeguardacostas.mil.sv\/?page_id=1622#primaryimage\"},\"image\":{\"@id\":\"https:\/\/serviciodeguardacostas.mil.sv\/?page_id=1622#primaryimage\"},\"thumbnailUrl\":\"https:\/\/serviciodeguardacostas.mil.sv\/wp-content\/uploads\/2023\/07\/Organigrama.jpg\",\"datePublished\":\"2021-09-07T15:28:23+00:00\",\"dateModified\":\"2026-02-11T22:11:34+00:00\",\"breadcrumb\":{\"@id\":\"https:\/\/serviciodeguardacostas.mil.sv\/?page_id=1622#breadcrumb\"},\"inLanguage\":\"es\",\"potentialAction\":[{\"@type\":\"ReadAction\",\"target\":[\"https:\/\/serviciodeguardacostas.mil.sv\/?page_id=1622\"]}]},{\"@type\":\"ImageObject\",\"inLanguage\":\"es\",\"@id\":\"https:\/\/serviciodeguardacostas.mil.sv\/?page_id=1622#primaryimage\",\"url\":\"https:\/\/serviciodeguardacostas.mil.sv\/wp-content\/uploads\/2023\/07\/Organigrama.jpg\",\"contentUrl\":\"https:\/\/serviciodeguardacostas.mil.sv\/wp-content\/uploads\/2023\/07\/Organigrama.jpg\"},{\"@type\":\"BreadcrumbList\",\"@id\":\"https:\/\/serviciodeguardacostas.mil.sv\/?page_id=1622#breadcrumb\",\"itemListElement\":[{\"@type\":\"ListItem\",\"position\":1,\"name\":\"Inicio\",\"item\":\"https:\/\/serviciodeguardacostas.mil.sv\/\"},{\"@type\":\"ListItem\",\"position\":2,\"name\":\"Marco Institucional\"}]},{\"@type\":\"WebSite\",\"@id\":\"https:\/\/serviciodeguardacostas.mil.sv\/#website\",\"url\":\"https:\/\/serviciodeguardacostas.mil.sv\/\",\"name\":\"Servicio de Guardacostas de la Marina Nacional de El Salvador\",\"description\":\"Guardacostas\",\"potentialAction\":[{\"@type\":\"SearchAction\",\"target\":{\"@type\":\"EntryPoint\",\"urlTemplate\":\"https:\/\/serviciodeguardacostas.mil.sv\/?s={search_term_string}\"},\"query-input\":{\"@type\":\"PropertyValueSpecification\",\"valueRequired\":true,\"valueName\":\"search_term_string\"}}],\"inLanguage\":\"es\"}]}<\/script>\n<!-- \/ Yoast SEO plugin. -->","yoast_head_json":{"title":"Marco Institucional - Servicio de Guardacostas de la Marina Nacional de El Salvador","robots":{"index":"index","follow":"follow","max-snippet":"max-snippet:-1","max-image-preview":"max-image-preview:large","max-video-preview":"max-video-preview:-1"},"canonical":"https:\/\/serviciodeguardacostas.mil.sv\/?page_id=1622","og_locale":"es_ES","og_type":"article","og_title":"Marco Institucional - Servicio de Guardacostas de la Marina Nacional de El Salvador","og_description":"Historia El servicio de Guardacostas fue creado mediante decreto 691 ejecutivo, emitido por la Asamblea Legislativa de fecha 22 de marzo del 2023 y publicado en el diario oficial el [&hellip;]","og_url":"https:\/\/serviciodeguardacostas.mil.sv\/?page_id=1622","og_site_name":"Servicio de Guardacostas de la Marina Nacional de El Salvador","article_modified_time":"2026-02-11T22:11:34+00:00","og_image":[{"url":"https:\/\/serviciodeguardacostas.mil.sv\/wp-content\/uploads\/2023\/07\/Organigrama.jpg"}],"twitter_card":"summary_large_image","twitter_misc":{"Tiempo de lectura":"1 minuto"},"schema":{"@context":"https:\/\/schema.org","@graph":[{"@type":"WebPage","@id":"https:\/\/serviciodeguardacostas.mil.sv\/?page_id=1622","url":"https:\/\/serviciodeguardacostas.mil.sv\/?page_id=1622","name":"Marco Institucional - Servicio de Guardacostas de la Marina Nacional de El Salvador","isPartOf":{"@id":"https:\/\/serviciodeguardacostas.mil.sv\/#website"},"primaryImageOfPage":{"@id":"https:\/\/serviciodeguardacostas.mil.sv\/?page_id=1622#primaryimage"},"image":{"@id":"https:\/\/serviciodeguardacostas.mil.sv\/?page_id=1622#primaryimage"},"thumbnailUrl":"https:\/\/serviciodeguardacostas.mil.sv\/wp-content\/uploads\/2023\/07\/Organigrama.jpg","datePublished":"2021-09-07T15:28:23+00:00","dateModified":"2026-02-11T22:11:34+00:00","breadcrumb":{"@id":"https:\/\/serviciodeguardacostas.mil.sv\/?page_id=1622#breadcrumb"},"inLanguage":"es","potentialAction":[{"@type":"ReadAction","target":["https:\/\/serviciodeguardacostas.mil.sv\/?page_id=1622"]}]},{"@type":"ImageObject","inLanguage":"es","@id":"https:\/\/serviciodeguardacostas.mil.sv\/?page_id=1622#primaryimage","url":"https:\/\/serviciodeguardacostas.mil.sv\/wp-content\/uploads\/2023\/07\/Organigrama.jpg","contentUrl":"https:\/\/serviciodeguardacostas.mil.sv\/wp-content\/uploads\/2023\/07\/Organigrama.jpg"},{"@type":"BreadcrumbList","@id":"https:\/\/serviciodeguardacostas.mil.sv\/?page_id=1622#breadcrumb","itemListElement":[{"@type":"ListItem","position":1,"name":"Inicio","item":"https:\/\/serviciodeguardacostas.mil.sv\/"},{"@type":"ListItem","position":2,"name":"Marco Institucional"}]},{"@type":"WebSite","@id":"https:\/\/serviciodeguardacostas.mil.sv\/#website","url":"https:\/\/serviciodeguardacostas.mil.sv\/","name":"Servicio de Guardacostas de la Marina Nacional de El Salvador","description":"Guardacostas","potentialAction":[{"@type":"SearchAction","target":{"@type":"EntryPoint","urlTemplate":"https:\/\/serviciodeguardacostas.mil.sv\/?s={search_term_string}"},"query-input":{"@type":"PropertyValueSpecification","valueRequired":true,"valueName":"search_term_string"}}],"inLanguage":"es"}]}},"_links":{"self":[{"href":"https:\/\/serviciodeguardacostas.mil.sv\/index.php?rest_route=\/wp\/v2\/pages\/1622"}],"collection":[{"href":"https:\/\/serviciodeguardacostas.mil.sv\/index.php?rest_route=\/wp\/v2\/pages"}],"about":[{"href":"https:\/\/serviciodeguardacostas.mil.sv\/index.php?rest_route=\/wp\/v2\/types\/page"}],"author":[{"embeddable":true,"href":"https:\/\/serviciodeguardacostas.mil.sv\/index.php?rest_route=\/wp\/v2\/users\/2"}],"replies":[{"embeddable":true,"href":"https:\/\/serviciodeguardacostas.mil.sv\/index.php?rest_route=%2Fwp%2Fv2%2Fcomments&post=1622"}],"version-history":[{"count":12,"href":"https:\/\/serviciodeguardacostas.mil.sv\/index.php?rest_route=\/wp\/v2\/pages\/1622\/revisions"}],"predecessor-version":[{"id":2997,"href":"https:\/\/serviciodeguardacostas.mil.sv\/index.php?rest_route=\/wp\/v2\/pages\/1622\/revisions\/2997"}],"wp:attachment":[{"href":"https:\/\/serviciodeguardacostas.mil.sv\/index.php?rest_route=%2Fwp%2Fv2%2Fmedia&parent=1622"}],"curies":[{"name":"wp","href":"https:\/\/api.w.org\/{rel}","templated":true}]}}